{"id":80,"date":"2023-10-04T08:41:47","date_gmt":"2023-10-04T06:41:47","guid":{"rendered":"https:\/\/rucher-de-caubeta.com\/accueil\/?page_id=80"},"modified":"2023-10-05T06:50:37","modified_gmt":"2023-10-05T04:50:37","slug":"chanvriere","status":"publish","type":"page","link":"https:\/\/rucher-de-caubeta.com\/accueil\/chanvriere\/","title":{"rendered":"Chanvri\u00e8re"},"content":{"rendered":"\n[et_pb_section fb_built=\u00a0\u00bb1&Prime; _builder_version=\u00a0\u00bb4.22.2&Prime; _module_preset=\u00a0\u00bbdefault\u00a0\u00bb use_background_color_gradient=\u00a0\u00bbon\u00a0\u00bb background_color_gradient_direction=\u00a0\u00bb304deg\u00a0\u00bb background_color_gradient_stops=\u00a0\u00bbrgba(0,104,55,0.7) 57%|rgba(0,104,55,0.06) 84%\u00a0\u00bb background_color_gradient_overlays_image=\u00a0\u00bbon\u00a0\u00bb background_image=\u00a0\u00bbhttp:\/\/rucher-de-caubeta.com\/wp-content\/uploads\/2023\/10\/fond-page-chanvre2.jpg\u00a0\u00bb global_colors_info=\u00a0\u00bb{}\u00a0\u00bb][et_pb_row column_structure=\u00a0\u00bb2_5,3_5&Prime; _builder_version=\u00a0\u00bb4.22.2&Prime; _module_preset=\u00a0\u00bbdefault\u00a0\u00bb global_colors_info=\u00a0\u00bb{}\u00a0\u00bb][et_pb_column type=\u00a0\u00bb2_5&Prime; _builder_version=\u00a0\u00bb4.22.2&Prime; _module_preset=\u00a0\u00bbdefault\u00a0\u00bb global_colors_info=\u00a0\u00bb{}\u00a0\u00bb][\/et_pb_column][et_pb_column type=\u00a0\u00bb3_5&Prime; _builder_version=\u00a0\u00bb4.22.2&Prime; _module_preset=\u00a0\u00bbdefault\u00a0\u00bb global_colors_info=\u00a0\u00bb{}\u00a0\u00bb][et_pb_divider show_divider=\u00a0\u00bboff\u00a0\u00bb _builder_version=\u00a0\u00bb4.22.2&Prime; _module_preset=\u00a0\u00bbdefault\u00a0\u00bb custom_margin=\u00a0\u00bb100px||50px||false|false\u00a0\u00bb global_colors_info=\u00a0\u00bb{}\u00a0\u00bb][\/et_pb_divider][et_pb_heading title=\u00a0\u00bbProduction de chanvre th\u00e9rapeutique bio en Hautes-Pyr\u00e9n\u00e9es \u00a0\u00bb _builder_version=\u00a0\u00bb4.22.2&Prime; _module_preset=\u00a0\u00bbdefault\u00a0\u00bb title_text_color=\u00a0\u00bb#FFFFFF\u00a0\u00bb global_colors_info=\u00a0\u00bb{}\u00a0\u00bb][\/et_pb_heading][\/et_pb_column][\/et_pb_row][\/et_pb_section][et_pb_section fb_built=\u00a0\u00bb1&Prime; _builder_version=\u00a0\u00bb4.22.2&Prime; _module_preset=\u00a0\u00bbdefault\u00a0\u00bb global_colors_info=\u00a0\u00bb{}\u00a0\u00bb][et_pb_row column_structure=\u00a0\u00bb1_3,2_3&Prime; make_equal=\u00a0\u00bbon\u00a0\u00bb _builder_version=\u00a0\u00bb4.22.2&Prime; _module_preset=\u00a0\u00bbdefault\u00a0\u00bb global_colors_info=\u00a0\u00bb{}\u00a0\u00bb][et_pb_column type=\u00a0\u00bb1_3&Prime; _builder_version=\u00a0\u00bb4.22.2&Prime; _module_preset=\u00a0\u00bbdefault\u00a0\u00bb background_image=\u00a0\u00bbhttp:\/\/rucher-de-caubeta.com\/wp-content\/uploads\/2023\/10\/declinaison-CBD.jpg\u00a0\u00bb global_colors_info=\u00a0\u00bb{}\u00a0\u00bb][\/et_pb_column][et_pb_column type=\u00a0\u00bb2_3&Prime; _builder_version=\u00a0\u00bb4.22.2&Prime; _module_preset=\u00a0\u00bbdefault\u00a0\u00bb global_colors_info=\u00a0\u00bb{}\u00a0\u00bb][et_pb_text _builder_version=\u00a0\u00bb4.22.2&Prime; _module_preset=\u00a0\u00bbdefault\u00a0\u00bb global_colors_info=\u00a0\u00bb{}\u00a0\u00bb]<p><strong>Le chanvre produit et commercialis\u00e9 par nos soins, Cannabis sativa L. a de nombreuses vertus th\u00e9rapeutiques, tout en ayant un niveau de THC inf\u00e9rieur \u00e0 0,3% (certificat disponible). Toute la gamme de produits, analys\u00e9e annuellement, respecte en tout point l\u2019arr\u00eat de la Cour de Cassation du 23 juin 2021 sur le CBD. <\/strong><\/p>\n<p>Les cannabino\u00efdes contenues dans le chanvre sont naturellement similaires et donc compatibles avec des substances produites dans tout notre corps nomm\u00e9es \u00ab endocannabino\u00efdes \u00bb. Ces endocannabino\u00efdes constituent un des plus grands syst\u00e8mes de r\u00e9gulation de notre corps, qui lui permet de s\u2019adapter \u00e0 toutes les variations auxquels il est confront\u00e9, qu\u2019elles soient internes ou externes. Il faut l\u2019imaginer comme un vaste r\u00e9seau de neurones, r\u00e9cepteurs, cellules, mol\u00e9cules et enzymes qui permettent le maintien de l\u2019hom\u00e9ostasie (r\u00e9glages de nos caract\u00e9ristiques physiologiques essentielles comme la pression art\u00e9rielle, la temp\u00e9rature, etc.), la pr\u00e9vention de maladies et du vieillissement. Ce syst\u00e8me est responsable de fonctions majeures : moduler le plaisir, l\u2019\u00e9nergie et le bien-\u00eatre tout en r\u00e9tablissant l\u2019\u00e9quilibre corporel face aux facteurs de stress externes. Tous les processus physiologiques de notre corps impliquent ainsi son intervention ! L\u2019ensemble des cannabino\u00efdes (dont le CBD) contenu dans le chanvre va de ce fait agir en synergie sur le corps en r\u00e9gulant ce pr\u00e9cieux syst\u00e8me endocannanbinoide. C\u2019est l\u2019alchimie de tous les principes actifs du chanvre th\u00e9rapeutiques, le \u00ab Totum \u00bb de la plante, qui fait son efficacit\u00e9 sur notre bien-\u00eatre, sans risque aucun de toxicit\u00e9 ou d\u2019addictions.<\/p>[\/et_pb_text][\/et_pb_column][\/et_pb_row][et_pb_row column_structure=\u00a0\u00bb1_2,1_2&Prime; _builder_version=\u00a0\u00bb4.22.2&Prime; _module_preset=\u00a0\u00bbdefault\u00a0\u00bb global_colors_info=\u00a0\u00bb{}\u00a0\u00bb][et_pb_column type=\u00a0\u00bb1_2&Prime; _builder_version=\u00a0\u00bb4.22.2&Prime; _module_preset=\u00a0\u00bbdefault\u00a0\u00bb global_colors_info=\u00a0\u00bb{}\u00a0\u00bb][et_pb_text _builder_version=\u00a0\u00bb4.22.2&Prime; _module_preset=\u00a0\u00bbdefault\u00a0\u00bb global_colors_info=\u00a0\u00bb{}\u00a0\u00bb]<p><strong>Voici quelques-unes de ses principales vertus, largement \u00e9tudi\u00e9es scientifiquement\u00a0:<\/strong><\/p>\n<p>&#8211; anti-inflammatoire <br \/>&#8211; anxiolytique <br \/>&#8211; app\u00e9tant <br \/>&#8211; antioxydant et neuroprotecteur <br \/>&#8211; antalgique <br \/>&#8211; neuro-protecteur <br \/>&#8211; anti\u00e9m\u00e9tique <br \/>&#8211; anticanc\u00e9reux <br \/>&#8211; anti convulsionnant, etc.<\/p>[\/et_pb_text][\/et_pb_column][et_pb_column type=\u00a0\u00bb1_2&Prime; _builder_version=\u00a0\u00bb4.22.2&Prime; _module_preset=\u00a0\u00bbdefault\u00a0\u00bb global_colors_info=\u00a0\u00bb{}\u00a0\u00bb][et_pb_text _builder_version=\u00a0\u00bb4.22.2&Prime; _module_preset=\u00a0\u00bbdefault\u00a0\u00bb global_colors_info=\u00a0\u00bb{}\u00a0\u00bb]<p>Le chanvre th\u00e9rapeutique est utilis\u00e9 pour accompagner de nombreux troubles, dont quelques-uns seulement sont ici list\u00e9s\u00a0: troubles du sommeil, de l\u2019anxi\u00e9t\u00e9, douleurs et inflammations chroniques articulaires et c\u00e9r\u00e9brales, action sur les maladies chroniques auto-immunes (scl\u00e9rose en plaque) et neuro-d\u00e9g\u00e9n\u00e9ratives (Alzheimer, Parkinson), r\u00e9duction des d\u00e9pendances\u00a0(tabac, alcool, etc.), \u00e9pilepsie, asthme, troubles \u00e9pileptiques, migraine, fibromyalgie, etc.<\/p>[\/et_pb_text][et_pb_text _builder_version=\u00a0\u00bb4.22.2&Prime; _module_preset=\u00a0\u00bbdefault\u00a0\u00bb text_font_size=\u00a0\u00bb9px\u00a0\u00bb text_line_height=\u00a0\u00bb1.6em\u00a0\u00bb global_colors_info=\u00a0\u00bb{}\u00a0\u00bb]<p>Sources m\u00e9dicales et pharmacologiques relatives aux all\u00e9gations th\u00e9rapeutiques du chanvre\u00a0: &#8211; Dr. Franck Gigon, Stup\u00e9fiant\u00a0! Le chanvre va-t-il sauver le monde\u00a0? <br \/>Les \u00e9ditions de l\u2019Opportun, 2019. &#8211; Mailis Esteben, Etat actuel des connaissances sur le potentiel th\u00e9rapeutique du cannabiodiole, comment le pharmacien d\u2019officine peut-il le conseiller\u00a0? Sciences du Vivant (q-bio). 2020. Dumas-03076699. Th\u00e8se pour l\u2019obtention du dipl\u00f4me d\u2019Etat de Docteur en Pharmacie.<\/p>[\/et_pb_text][\/et_pb_column][\/et_pb_row][\/et_pb_section][et_pb_section fb_built=\u00a0\u00bb1&Prime; _builder_version=\u00a0\u00bb4.22.2&Prime; _module_preset=\u00a0\u00bbdefault\u00a0\u00bb background_image=\u00a0\u00bbhttp:\/\/rucher-de-caubeta.com\/wp-content\/uploads\/2023\/10\/fond-produit-cbd1.jpg\u00a0\u00bb height=\u00a0\u00bb427px\u00a0\u00bb max_height=\u00a0\u00bb427px\u00a0\u00bb custom_padding=\u00a0\u00bb4px|||||\u00a0\u00bb global_colors_info=\u00a0\u00bb{}\u00a0\u00bb][et_pb_row column_structure=\u00a0\u00bb1_3,2_3&Prime; _builder_version=\u00a0\u00bb4.22.2&Prime; _module_preset=\u00a0\u00bbdefault\u00a0\u00bb global_colors_info=\u00a0\u00bb{}\u00a0\u00bb][et_pb_column type=\u00a0\u00bb1_3&Prime; _builder_version=\u00a0\u00bb4.22.2&Prime; _module_preset=\u00a0\u00bbdefault\u00a0\u00bb background_image=\u00a0\u00bbhttp:\/\/rucher-de-caubeta.com\/wp-content\/uploads\/2023\/10\/elements-graphique-produit-huile-cbd.png\u00a0\u00bb background_size=\u00a0\u00bbinitial\u00a0\u00bb background_position=\u00a0\u00bbtop_center\u00a0\u00bb global_colors_info=\u00a0\u00bb{}\u00a0\u00bb][et_pb_image src=\u00a0\u00bbhttp:\/\/rucher-de-caubeta.com\/wp-content\/uploads\/2023\/10\/produit-tisane-chanvre.png\u00a0\u00bb title_text=\u00a0\u00bbproduit-tisane-chanvre\u00a0\u00bb align=\u00a0\u00bbcenter\u00a0\u00bb _builder_version=\u00a0\u00bb4.22.2&Prime; _module_preset=\u00a0\u00bbdefault\u00a0\u00bb height=\u00a0\u00bb382px\u00a0\u00bb max_height=\u00a0\u00bb389px\u00a0\u00bb global_colors_info=\u00a0\u00bb{}\u00a0\u00bb][\/et_pb_image][\/et_pb_column][et_pb_column type=\u00a0\u00bb2_3&Prime; _builder_version=\u00a0\u00bb4.22.2&Prime; _module_preset=\u00a0\u00bbdefault\u00a0\u00bb global_colors_info=\u00a0\u00bb{}\u00a0\u00bb][et_pb_heading title=\u00a0\u00bbTisane de chanvre\u00a0\u00bb _builder_version=\u00a0\u00bb4.22.2&Prime; _module_preset=\u00a0\u00bbdefault\u00a0\u00bb title_text_color=\u00a0\u00bb#FFFFFF\u00a0\u00bb global_colors_info=\u00a0\u00bb{}\u00a0\u00bb][\/et_pb_heading][et_pb_text _builder_version=\u00a0\u00bb4.22.2&Prime; _module_preset=\u00a0\u00bbdefault\u00a0\u00bb text_text_color=\u00a0\u00bb#FFFFFF\u00a0\u00bb global_colors_info=\u00a0\u00bb{}\u00a0\u00bb]<p><strong>La tisane est compos\u00e9e de fleurs, de graines et de feuilles.<\/strong><br \/><strong>Elle se pr\u00e9pare en d\u00e9coction.<\/strong><\/p>[\/et_pb_text][et_pb_text _builder_version=\u00a0\u00bb4.22.2&Prime; _module_preset=\u00a0\u00bbdefault\u00a0\u00bb text_text_color=\u00a0\u00bb#FFFFFF\u00a0\u00bb global_colors_info=\u00a0\u00bb{}\u00a0\u00bb]<p><img loading=\"lazy\" decoding=\"async\" src=\"http:\/\/rucher-de-caubeta.com\/wp-content\/uploads\/2023\/10\/picto-recette2.png\" width=\"74\" height=\"74\" alt=\"\" class=\"wp-image-118 alignnone size-full\" style=\"float: left;\" \/><strong>Conseil d&rsquo;utilisation :<\/strong><br \/>Faire fr\u00e9mir 1 g pour 500 ml d\u2019eau\u00a0durant 20 min. A consommer rapidement pour optimiser la quantit\u00e9 de principes actifs. Si possible, rajouter un corps gras (lait v\u00e9g\u00e9tal ou animal) pour optimiser\u00a0l\u2019absorption des cannabino\u00efdes.<\/p>[\/et_pb_text][et_pb_button button_text=\u00a0\u00bbvoir les analyses\u00a0\u00bb _builder_version=\u00a0\u00bb4.22.2&Prime; _module_preset=\u00a0\u00bbdefault\u00a0\u00bb custom_button=\u00a0\u00bbon\u00a0\u00bb button_text_color=\u00a0\u00bb#FFFFFF\u00a0\u00bb global_colors_info=\u00a0\u00bb{}\u00a0\u00bb][\/et_pb_button][\/et_pb_column][\/et_pb_row][\/et_pb_section][et_pb_section fb_built=\u00a0\u00bb1&Prime; _builder_version=\u00a0\u00bb4.22.2&Prime; _module_preset=\u00a0\u00bbdefault\u00a0\u00bb background_image=\u00a0\u00bbhttp:\/\/rucher-de-caubeta.com\/wp-content\/uploads\/2023\/10\/fond-produit-cbd2.jpg\u00a0\u00bb height=\u00a0\u00bb427px\u00a0\u00bb max_height=\u00a0\u00bb427px\u00a0\u00bb custom_padding=\u00a0\u00bb4px|||||\u00a0\u00bb global_colors_info=\u00a0\u00bb{}\u00a0\u00bb][et_pb_row column_structure=\u00a0\u00bb3_5,2_5&Prime; _builder_version=\u00a0\u00bb4.22.2&Prime; _module_preset=\u00a0\u00bbdefault\u00a0\u00bb global_colors_info=\u00a0\u00bb{}\u00a0\u00bb][et_pb_column type=\u00a0\u00bb3_5&Prime; _builder_version=\u00a0\u00bb4.22.2&Prime; _module_preset=\u00a0\u00bbdefault\u00a0\u00bb background_enable_image=\u00a0\u00bboff\u00a0\u00bb background_size=\u00a0\u00bbinitial\u00a0\u00bb background_position=\u00a0\u00bbtop_center\u00a0\u00bb global_colors_info=\u00a0\u00bb{}\u00a0\u00bb][et_pb_heading title=\u00a0\u00bbFleurs de chanvre\u00a0\u00bb _builder_version=\u00a0\u00bb4.22.2&Prime; _module_preset=\u00a0\u00bbdefault\u00a0\u00bb title_text_align=\u00a0\u00bbright\u00a0\u00bb title_text_color=\u00a0\u00bb#FFFFFF\u00a0\u00bb global_colors_info=\u00a0\u00bb{}\u00a0\u00bb][\/et_pb_heading][et_pb_text _builder_version=\u00a0\u00bb4.22.2&Prime; _module_preset=\u00a0\u00bbdefault\u00a0\u00bb text_text_color=\u00a0\u00bb#FFFFFF\u00a0\u00bb text_orientation=\u00a0\u00bbright\u00a0\u00bb global_colors_info=\u00a0\u00bb{}\u00a0\u00bb]<p><em><span style=\"color: #ffffff;\">La gamme comprend deux types\u00a0de fleurs\u00a0:<\/span><\/em><\/p>[\/et_pb_text][et_pb_text _builder_version=\u00a0\u00bb4.22.2&Prime; _module_preset=\u00a0\u00bbdefault\u00a0\u00bb global_colors_info=\u00a0\u00bb{}\u00a0\u00bb]<h2 style=\"text-align: right;\"><span style=\"color: #ffffff;\">Carmagnola<\/span><\/h2>\n<p style=\"text-align: right;\"><span style=\"color: #ffffff;\">T\u00eates compactes et peu de graines. Saveurs herbac\u00e9es avec tonalit\u00e9s d\u2019agrumes. <br \/>Taux de CBD\u00a0: 4,3%<\/span><\/p>[\/et_pb_text][et_pb_text _builder_version=\u00a0\u00bb4.22.2&Prime; _module_preset=\u00a0\u00bbdefault\u00a0\u00bb global_colors_info=\u00a0\u00bb{}\u00a0\u00bb]<h2 style=\"text-align: right;\"><span style=\"color: #ffffff;\">Kompolti<\/span><\/h2>\n<p style=\"text-align: right;\"><span style=\"color: #ffffff;\">T\u00eates a\u00e9r\u00e9es, peut contenir des graines. Saveurs chlorophyll\u00e9es, l\u00e9g\u00e8rement bois\u00e9es et citronn\u00e9es. Taux de CBD\u00a0: 5%<\/span><\/p>[\/et_pb_text][\/et_pb_column][et_pb_column type=\u00a0\u00bb2_5&Prime; _builder_version=\u00a0\u00bb4.22.2&Prime; _module_preset=\u00a0\u00bbdefault\u00a0\u00bb background_image=\u00a0\u00bbhttp:\/\/rucher-de-caubeta.com\/wp-content\/uploads\/2023\/10\/elements-graphique-produit-fleurs.png\u00a0\u00bb background_size=\u00a0\u00bbinitial\u00a0\u00bb background_position=\u00a0\u00bbtop_center\u00a0\u00bb global_colors_info=\u00a0\u00bb{}\u00a0\u00bb][et_pb_image src=\u00a0\u00bbhttp:\/\/rucher-de-caubeta.com\/wp-content\/uploads\/2023\/10\/produit-fleurs-chanvre.png\u00a0\u00bb title_text=\u00a0\u00bbproduit-fleurs-chanvre\u00a0\u00bb align=\u00a0\u00bbcenter\u00a0\u00bb _builder_version=\u00a0\u00bb4.22.2&Prime; _module_preset=\u00a0\u00bbdefault\u00a0\u00bb height=\u00a0\u00bb382px\u00a0\u00bb max_height=\u00a0\u00bb389px\u00a0\u00bb global_colors_info=\u00a0\u00bb{}\u00a0\u00bb][\/et_pb_image][\/et_pb_column][\/et_pb_row][\/et_pb_section][et_pb_section fb_built=\u00a0\u00bb1&Prime; _builder_version=\u00a0\u00bb4.22.2&Prime; _module_preset=\u00a0\u00bbdefault\u00a0\u00bb background_image=\u00a0\u00bbhttp:\/\/rucher-de-caubeta.com\/wp-content\/uploads\/2023\/10\/fond-produit-cbd3.jpg\u00a0\u00bb height=\u00a0\u00bb427px\u00a0\u00bb max_height=\u00a0\u00bb427px\u00a0\u00bb custom_padding=\u00a0\u00bb4px|||||\u00a0\u00bb global_colors_info=\u00a0\u00bb{}\u00a0\u00bb][et_pb_row column_structure=\u00a0\u00bb1_3,2_3&Prime; _builder_version=\u00a0\u00bb4.22.2&Prime; _module_preset=\u00a0\u00bbdefault\u00a0\u00bb global_colors_info=\u00a0\u00bb{}\u00a0\u00bb][et_pb_column type=\u00a0\u00bb1_3&Prime; _builder_version=\u00a0\u00bb4.22.2&Prime; _module_preset=\u00a0\u00bbdefault\u00a0\u00bb background_image=\u00a0\u00bbhttp:\/\/rucher-de-caubeta.com\/wp-content\/uploads\/2023\/10\/elements-graphique-produit-huile-cbd.png\u00a0\u00bb background_size=\u00a0\u00bbinitial\u00a0\u00bb background_position=\u00a0\u00bbtop_center\u00a0\u00bb global_colors_info=\u00a0\u00bb{}\u00a0\u00bb][et_pb_image src=\u00a0\u00bbhttp:\/\/rucher-de-caubeta.com\/wp-content\/uploads\/2023\/10\/produit-huile-cbd-caubeta.png\u00a0\u00bb title_text=\u00a0\u00bbproduit-huile-cbd-caubeta\u00a0\u00bb align=\u00a0\u00bbcenter\u00a0\u00bb _builder_version=\u00a0\u00bb4.22.2&Prime; _module_preset=\u00a0\u00bbdefault\u00a0\u00bb height=\u00a0\u00bb382px\u00a0\u00bb max_height=\u00a0\u00bb389px\u00a0\u00bb global_colors_info=\u00a0\u00bb{}\u00a0\u00bb][\/et_pb_image][\/et_pb_column][et_pb_column type=\u00a0\u00bb2_3&Prime; _builder_version=\u00a0\u00bb4.22.2&Prime; _module_preset=\u00a0\u00bbdefault\u00a0\u00bb global_colors_info=\u00a0\u00bb{}\u00a0\u00bb][et_pb_heading title=\u00a0\u00bbhuile de CBD\u00a0\u00bb _builder_version=\u00a0\u00bb4.22.2&Prime; _module_preset=\u00a0\u00bbdefault\u00a0\u00bb title_text_color=\u00a0\u00bb#FFFFFF\u00a0\u00bb global_colors_info=\u00a0\u00bb{}\u00a0\u00bb][\/et_pb_heading][et_pb_text _builder_version=\u00a0\u00bb4.22.2&Prime; _module_preset=\u00a0\u00bbdefault\u00a0\u00bb text_text_color=\u00a0\u00bb#FFFFFF\u00a0\u00bb global_colors_info=\u00a0\u00bb{}\u00a0\u00bb]<p>Cette huile est une \u00ab\u00a0full Spectrum\u00a0\u00bb, une vraie\u00a0!\u00a0c\u00e0d sans ajout de cbd, ni retrait de thc, d\u2019ou son faible taux de cbd et sa tr\u00e8s bonne efficacit\u00e9 gr\u00e2ce \u00e0 l\u00a0\u2018effet d\u2019entourage de tout les composants naturels de la plantes. Les corps gras fixent particuli\u00e8rement efficacement l\u2019ensemble des cannabino\u00efdes,ce qui rend l\u2019usage de l\u2019huile de CBD \u00e0 la fois pratique et efficient. La prise sublinguale \u00e9vite le filtre du foie rendant l\u2019assimilation plus rapide et plus directe que les autres formes.<\/p>\n<p>Taux de CBD : 1,33% soit 0,5 milligrammes par goutte.<\/p>[\/et_pb_text][et_pb_text _builder_version=\u00a0\u00bb4.22.2&Prime; _module_preset=\u00a0\u00bbdefault\u00a0\u00bb text_text_color=\u00a0\u00bb#FFFFFF\u00a0\u00bb global_colors_info=\u00a0\u00bb{}\u00a0\u00bb]<p><strong><img loading=\"lazy\" decoding=\"async\" src=\"http:\/\/rucher-de-caubeta.com\/wp-content\/uploads\/2023\/10\/picto-recette2.png\" width=\"75\" height=\"75\" alt=\"\" class=\"wp-image-118 alignnone size-full\" style=\"float: left;\" \/>Conseil d\u2019utilisation\u00a0:<\/strong><br \/>prendre 5 \u00e0 10 gouttes<br \/>1 \u00e0 3X \/jour<\/p>[\/et_pb_text][\/et_pb_column][\/et_pb_row][\/et_pb_section]\n","protected":false},"excerpt":{"rendered":"<p>Le chanvre produit et commercialis\u00e9 par nos soins, Cannabis sativa L. a de nombreuses vertus th\u00e9rapeutiques, tout en ayant un niveau de THC inf\u00e9rieur \u00e0 0,3% (certificat disponible). Toute la gamme de produits, analys\u00e9e annuellement, respecte en tout point l\u2019arr\u00eat de la Cour de Cassation du 23 juin 2021 sur le CBD. Les cannabino\u00efdes contenues [&hellip;]<\/p>\n","protected":false},"author":1,"featured_media":0,"parent":0,"menu_order":0,"comment_status":"closed","ping_status":"closed","template":"","meta":{"_et_pb_use_builder":"on","_et_pb_old_content":"","_et_gb_content_width":"","footnotes":""},"class_list":["post-80","page","type-page","status-publish","hentry"],"_links":{"self":[{"href":"https:\/\/rucher-de-caubeta.com\/accueil\/wp-json\/wp\/v2\/pages\/80","targetHints":{"allow":["GET"]}}],"collection":[{"href":"https:\/\/rucher-de-caubeta.com\/accueil\/wp-json\/wp\/v2\/pages"}],"about":[{"href":"https:\/\/rucher-de-caubeta.com\/accueil\/wp-json\/wp\/v2\/types\/page"}],"author":[{"embeddable":true,"href":"https:\/\/rucher-de-caubeta.com\/accueil\/wp-json\/wp\/v2\/users\/1"}],"replies":[{"embeddable":true,"href":"https:\/\/rucher-de-caubeta.com\/accueil\/wp-json\/wp\/v2\/comments?post=80"}],"version-history":[{"count":13,"href":"https:\/\/rucher-de-caubeta.com\/accueil\/wp-json\/wp\/v2\/pages\/80\/revisions"}],"predecessor-version":[{"id":188,"href":"https:\/\/rucher-de-caubeta.com\/accueil\/wp-json\/wp\/v2\/pages\/80\/revisions\/188"}],"wp:attachment":[{"href":"https:\/\/rucher-de-caubeta.com\/accueil\/wp-json\/wp\/v2\/media?parent=80"}],"curies":[{"name":"wp","href":"https:\/\/api.w.org\/{rel}","templated":true}]}}